{"id":4050,"date":"2024-10-22T13:00:26","date_gmt":"2024-10-22T13:00:26","guid":{"rendered":"https:\/\/maryscreek.com\/?page_id=4050"},"modified":"2024-10-22T13:00:26","modified_gmt":"2024-10-22T13:00:26","slug":"maryscreek-review-by-metal-forever-cz-6-5-10","status":"publish","type":"page","link":"https:\/\/maryscreek.com\/?page_id=4050","title":{"rendered":"MarysCreek &#8211; Review by Metal Forever (CZ) 6.5\/10"},"content":{"rendered":"\n<p>Nemaj\u00ed to ty modern\u00ed kapely jednoduch\u00e9. V dob\u011b, kdy nov\u00e9 a nov\u00e9 skupiny vznikaj\u00ed prakticky den co den a modern\u00ed technologie umo\u017e\u0148uj\u00ed ka\u017ed\u00e9 z nich okam\u017eit\u011b zv\u011b\u010dnit svoj\u00ed muziku, je st\u00e1le t\u011b\u017e\u0161\u00ed se v\u00fdrazn\u011bji prosadit. Obzvl\u00e1\u0161\u0165 kdy\u017e \u0159ada t\u011bchto spolk\u016f zn\u00ed, ne-li rovnou toto\u017en\u011b, tak alespo\u0148 stra\u0161n\u011b podobn\u011b. Modern\u011b. A to je p\u0159\u00edpad i \u0161v\u00e9dsk\u00fdch rocker\u016f MarysCreek, kte\u0159\u00ed na za\u010d\u00e1tku leto\u0161n\u00edho roku, dev\u011bt let po vyd\u00e1n\u00ed sv\u00e9ho debutu \u201eSome Kind Of Hate\u201c (i po obvykl\u00e9m person\u00e1ln\u00edm \u0161ejkrov\u00e1n\u00ed) a dva roky po hodn\u011b nad\u011bjn\u00e9m EP \u201eIncubic Twin\u201c, p\u0159i\u0161li s novinkou \u201eInfinity\u201c. Kter\u00e9, snad krom\u011b toho, \u017ee j\u00ed chyb\u00ed v\u011bt\u0161\u00ed osobitost (a t\u00edm p\u00e1dem jsou MarysCreek stra\u0161n\u011b snadno univerz\u00e1ln\u011b zam\u011bniteln\u00ed) a n\u011bjak\u00fd v dobr\u00e9m slova smyslu dosud nep\u0159edstaven\u00fd hit, kter\u00fd by na sebe p\u0159iv\u00e1bil v\u00fdrazn\u011bj\u0161\u00ed pozornost, lze jen t\u011b\u017eko co podstatn\u00e9ho vytknout. Snad je\u0161t\u011b to, \u017ee to p\u0159edlo\u0148sk\u00e9 j\u00e1san\u00ed nad kr\u00e1tkometr\u00e1\u017en\u00ed deskou je aktu\u00e1ln\u011b o hodn\u011b slo\u017eit\u011bj\u0161\u00ed.<\/p>\n\n\n\n<p>Probl\u00e9m je nejsp\u00ed\u0161 v tom, \u017ee p\u0159ed dv\u011bma lety MarysCreek \u0161ikovn\u011b nam\u00edchali stylov\u00fd pelmel, kter\u00fd zn\u011bl velice pest\u0159e, zat\u00edmco novinka postupn\u011b spl\u00fdv\u00e1 do jedn\u00e9 n\u00e1lady. Jako by si MarysCreek nejprve otestovali, co z jejich tvorby bude nejv\u00edc zab\u00edrat na lidi, a po takov\u00e9mto sociologick\u00e9m pr\u016fzkumu vsadili v\u00edce m\u00e9n\u011b na jednu kartu. Vzhledem k tomu, \u017ee energick\u00e1 \u201eForever Lost\u201c je jako jedin\u00e1 obsa\u017een\u00e1 na obou nosi\u010d\u00edch, bude se to leto\u0161n\u00ed vod\u00edtko odr\u00e1\u017eet pr\u00e1v\u011b od t\u00e9to p\u00edsn\u011b. A alarmuj\u00edc\u00ed je proto fakt, \u017ee zat\u00edmco na \u201eIncubic Twin\u201c byla tahle polo\u017eka jednou z p\u011btice kvalitativn\u011b vyrovnan\u00fdch p\u00edsn\u00ed, na \u201eInfinity\u201c je t\u00edm nejsiln\u011bj\u0161\u00edm kouskem.<\/p>\n\n\n\n<p>MarysCreek se pochopiteln\u011b dr\u017e\u00ed sv\u00e9 kombinace harmonick\u00e9ho hard rocku a modern\u00edho, lehce n\u00e1tlakov\u00e9ho soundu s nezbytnou p\u0159\u00edm\u011bs\u00ed elektroniky, dovedn\u011b splavn\u00fdch, nikoliv v\u0161ak strhuj\u00edc\u00edch melodi\u00ed, a p\u0159\u00edjemn\u00e9ho \u010dist\u00e9ho civiln\u00edho zp\u011bvu (Mats Nillson um\u00ed ob\u010das \u00fa\u010deln\u011b zagresivn\u011bt) se \u0161petkou nen\u00e1padn\u00e9ho charisma. U \u017e\u00e1dn\u00e9 z dvan\u00e1cti skladeb se nebudete nudit, jen t\u011b\u017eko v\u0161ak n\u011bkter\u00e1 z nich (a kdy\u017e u\u017e v\u00e1m ta univerz\u00e1lnost kapely zavon\u00ed, tak vlastn\u011b kter\u00e1koliv) bude m\u00edt tendence usadit se v z\u00e1vitech natrvalo.<\/p>\n\n\n\n<p>Sakra, co si vz\u00edt z toho, \u017ee nen\u00ed co vyt\u00fdkat, pades\u00e1timinutovka s Maryscreek ub\u011bhne hladce a p\u0159\u00edjemn\u011b a p\u0159itom je \u201eInfinity\u201c celkem snadno zam\u011bniteln\u00e1 a nevzru\u0161iv\u00e1 pro\u0161um\u011bnka? Jak\u00e9si \u0161lahounky zklam\u00e1n\u00ed z toho koukaj\u00ed jen p\u0159i srovn\u00e1n\u00ed s p\u0159edlo\u0148sk\u00fdm \u00e9p\u00ed\u010dkem, bez toho jde o dob\u0159e zahran\u00fd solidn\u00ed pr\u016fm\u011br, kter\u00fd neuraz\u00ed, ale nenadchne.<\/p>\n","protected":false},"excerpt":{"rendered":"<p>Nemaj\u00ed to ty modern\u00ed kapely jednoduch\u00e9. V dob\u011b, kdy nov\u00e9 a nov\u00e9 skupiny vznikaj\u00ed prakticky den co den a modern\u00ed technologie umo\u017e\u0148uj\u00ed ka\u017ed\u00e9 z nich okam\u017eit\u011b zv\u011b\u010dnit svoj\u00ed muziku, je st\u00e1le t\u011b\u017e\u0161\u00ed se v\u00fdrazn\u011bji prosadit. Obzvl\u00e1\u0161\u0165 kdy\u017e \u0159ada t\u011bchto spolk\u016f &hellip; <a href=\"https:\/\/maryscreek.com\/?page_id=4050\">Read the rest of this entry <span class=\"meta-nav\">&rarr;<\/span><\/a><\/p>\n","protected":false},"author":1,"featured_media":0,"parent":0,"menu_order":0,"comment_status":"closed","ping_status":"closed","template":"","meta":{"sfsi_plus_gutenberg_text_before_share":"","sfsi_plus_gutenberg_show_text_before_share":"","sfsi_plus_gutenberg_icon_type":"","sfsi_plus_gutenberg_icon_alignemt":"","sfsi_plus_gutenburg_max_per_row":"","advanced_seo_description":"","jetpack_seo_html_title":"","jetpack_seo_noindex":false,"footnotes":""},"class_list":["post-4050","page","type-page","status-publish","hentry"],"jetpack_sharing_enabled":true,"_links":{"self":[{"href":"https:\/\/maryscreek.com\/index.php?rest_route=\/wp\/v2\/pages\/4050","targetHints":{"allow":["GET"]}}],"collection":[{"href":"https:\/\/maryscreek.com\/index.php?rest_route=\/wp\/v2\/pages"}],"about":[{"href":"https:\/\/maryscreek.com\/index.php?rest_route=\/wp\/v2\/types\/page"}],"author":[{"embeddable":true,"href":"https:\/\/maryscreek.com\/index.php?rest_route=\/wp\/v2\/users\/1"}],"replies":[{"embeddable":true,"href":"https:\/\/maryscreek.com\/index.php?rest_route=%2Fwp%2Fv2%2Fcomments&post=4050"}],"version-history":[{"count":1,"href":"https:\/\/maryscreek.com\/index.php?rest_route=\/wp\/v2\/pages\/4050\/revisions"}],"predecessor-version":[{"id":4051,"href":"https:\/\/maryscreek.com\/index.php?rest_route=\/wp\/v2\/pages\/4050\/revisions\/4051"}],"wp:attachment":[{"href":"https:\/\/maryscreek.com\/index.php?rest_route=%2Fwp%2Fv2%2Fmedia&parent=4050"}],"curies":[{"name":"wp","href":"https:\/\/api.w.org\/{rel}","templated":true}]}}